{"id":282,"date":"2022-09-15T11:40:16","date_gmt":"2022-09-15T11:40:16","guid":{"rendered":"https:\/\/ostoja.rowneszanse.lubin.pl\/?page_id=282"},"modified":"2022-09-15T11:40:16","modified_gmt":"2022-09-15T11:40:16","slug":"rodo-3","status":"publish","type":"page","link":"https:\/\/ostoja.rowneszanse.lubin.pl\/?page_id=282","title":{"rendered":"RODO"},"content":{"rendered":"\n<p><strong>Informacja o przetwarzaniu danych osobowych<\/strong><\/p>\n\n\n\n<p><br><em>W zwi\u0105zku z art. 13 ust. 1 i 2 Rozporz\u0105dzenia Parlamentu Europejskiego i Rady (UE) 2016\/679 z dnia 27 kwietnia 2016r. w&nbsp;sprawie ochrony os\u00f3b fizycznych w zwi\u0105zku z przetwarzaniem danych osobowych i w sprawie swobodnego przep\u0142ywu takich danych oraz uchylenia dyrektywy 95\/46\/WE (RODO), informujemy, \u017ce:<\/em><\/p>\n\n\n\n<ol type=\"1\"><li>Administratorem Pani\/Pana danych osobowych jest: Stowarzyszenie Przyjaci\u00f3\u0142 i Rodzic\u00f3w Os\u00f3b Niepe\u0142nosprawnych,, R\u00f3wne Szanse\u2019\u2019, ul. Wiertnik\u00f3w 11, 59-300 Lubin, w imieniu kt\u00f3rego dzia\u0142a Dom Pomocy Spo\u0142ecznej ,,Ostoja\u2019\u2019, ul. Jerzego Kukuczki 39, 59-300 Lubin.<\/li><li>W sprawach zwi\u0105zanych z Pani\/Pana danymi osobowymi prosz\u0119 kontaktowa\u0107 si\u0119 z Inspektorem Ochrony Danych (IOD) : &nbsp;<a>e-mail: <\/a><a href=\"mailto:iodo@amt24.biz\">iodo@amt24.biz<\/a> ; tel.: 76&nbsp;300 01 40<\/li><\/ol>\n\n\n\n<p>Administrator przetwarza Pani\/Pana dane osobowe na podstawie obowi\u0105zuj\u0105cych przepis\u00f3w prawa, zawartych um\u00f3w oraz na podstawie udzielonej zgody.<\/p>\n\n\n\n<p>Pani\/Pana dane osobowe przetwarzane s\u0105 w celu\/celach:<\/p>\n\n\n\n<p>wype\u0142nienia obowi\u0105zk\u00f3w prawnych ci\u0105\u017c\u0105cych na Administratorze \u2013 art. 6 pkt.1 lit. c RODO,<\/p>\n\n\n\n<p>realizacji umowy \u2013 art. 6 pkt. 1 lit.b RODO,<\/p>\n\n\n\n<p>w pozosta\u0142ych przypadkach Pani\/Pana dane osobowe przetwarzane s\u0105 wy\u0142\u0105cznie na podstawie wcze\u015bniej udzielonej zgody w zakresie i celu okre\u015blonym w tre\u015bci zgody \u2013 art. 6 pkt. 1 lit. a RODO.<\/p>\n\n\n\n<p>W zwi\u0105zku z przetwarzaniem danych w celach, o kt\u00f3rych mowa w pkt. 4 odbiorcami Pani\/Pana danych osobowych mog\u0105 by\u0107:<\/p>\n\n\n\n<p>organy w\u0142adzy publicznej oraz podmioty wykonuj\u0105ce zadania publiczne lub dzia\u0142aj\u0105ce na zlecenie organ\u00f3w w\u0142adzy publicznej, w zakresie i w celach, kt\u00f3re wynikaj\u0105 z przepis\u00f3w powszechnie obowi\u0105zuj\u0105cego prawa;<\/p>\n\n\n\n<p>inne podmioty, kt\u00f3re na podstawie stosownych um\u00f3w podpisanych z Administratorem przetwarzaj\u0105 dane osobowe.<\/p>\n\n\n\n<p>Pani\/Pana dane osobowe b\u0119d\u0105 przechowywane przez okres niezb\u0119dny do realizacji celu dla jakiego zosta\u0142y zebrane. W szczeg\u00f3lno\u015bci dane mog\u0105 by\u0107 r\u00f3wnie\u017c przetwarzane przez wynikaj\u0105cy z przepis\u00f3w prawa okres zwi\u0105zany z dochodzeniem i przedawnieniem roszcze\u0144.<\/p>\n\n\n\n<p>Posiada Pani\/Pan prawo do edycji, wgl\u0105du, informacji o \u017ar\u00f3dle pozyskania, sprzeciwu na dalsze przetwarzanie, a tak\u017ce prawo do bycia zapomnianym, chyba \u017ce w przepisach prawa wyra\u017anie wskazano inaczej lub \u017c\u0105danie stoi w sprzeczno\u015bci z prawnie uzasadnionym interesem Administratora.<\/p>\n\n\n\n<p>W przypadku gdy przetwarzanie danych osobowych odbywa si\u0119 na podstawie zgody osoby na przetwarzanie danych osobowych (art. 6 ust. 1 lit a RODO), przys\u0142uguje Pani\/Panu prawo do cofni\u0119cia tej zgody w dowolnym momencie. Cofni\u0119cie to nie ma wp\u0142ywu na zgodno\u015b\u0107 przetwarzania, kt\u00f3rego dokonano na podstawie zgody przed jej cofni\u0119ciem, zgodnie z obowi\u0105zuj\u0105cym prawem.<\/p>\n\n\n\n<p>Ma Pani\/Pan prawo do wniesienia skargi do organu nadzorczego, w Polsce jest nim Prezes Urz\u0119du Ochrony Danych Osobowych ul. Stawki 2, 00-913 Warszawa.<\/p>\n\n\n\n<p>Pani\/Pana dane osobowe nie b\u0119d\u0105 poddawane zautomatyzowanemu podejmowaniu decyzji, w tym r\u00f3wnie\u017c profilowaniu.<\/p>\n\n\n\n<p>Administrator nie zamierza przekazywa\u0107 Pani\/Pana danych osobowych do pa\u0144stw trzecich (tj. pa\u0144stw spoza Europejskiego Obszaru Gospodarczego obejmuj\u0105cego Uni\u0119 Europejsk\u0105, Norwegi\u0119, Liechtenstein i Islandi\u0119) lub do organizacji mi\u0119dzynarodowych.<\/p>\n\n\n\n<p>Podanie przez Pani\u0105\/Pana danych osobowych jest wymogiem ustawowym w zakresie, o kt\u00f3rym mowa w&nbsp;pkt. 4a lub jest warunkiem zawarcia umowy w zakresie, o kt\u00f3rym mowa w pkt.4b.<\/p>\n\n\n\n<p>W sytuacji, gdy przetwarzanie danych osobowych odbywa si\u0119 na podstawie zgody osoby, kt\u00f3rej dane dotycz\u0105, podanie przez Pani\u0105\/Pana danych osobowych Administratorowi ma charakter dobrowolny.<\/p>\n\n\n\n<p><\/p>\n\n\n\n<p><\/p>\n\n\n\n<p><a href=\"https:\/\/ostoja.rowneszanse.lubin.pl\/wp-content\/uploads\/2022\/09\/OI-Kandydat-do-pracy-1.pdf\">Informacja o przetwarzaniu danych osobowych DLA KANDYDATA DO PRACY<\/a><\/p>\n\n\n\n<p><\/p>\n","protected":false},"excerpt":{"rendered":"<p>Informacja o przetwarzaniu danych osobowych W zwi\u0105zku z art. 13 ust. 1 i 2 Rozporz\u0105dzenia Parlamentu Europejskiego i Rady (UE) 2016\/679 z dnia 27 kwietnia 2016r. w&nbsp;sprawie ochrony os\u00f3b fizycznych w zwi\u0105zku z przetwarzaniem danych osobowych i w sprawie swobodnego przep\u0142ywu takich danych oraz uchylenia dyrektywy 95\/46\/WE (RODO), informujemy, \u017ce: Administratorem Pani\/Pana danych osobowych jest:&hellip; <br \/> <a class=\"read-more\" href=\"https:\/\/ostoja.rowneszanse.lubin.pl\/?page_id=282\">Dowiedz si\u0119 wi\u0119cej<\/a><\/p>\n","protected":false},"author":1,"featured_media":0,"parent":0,"menu_order":0,"comment_status":"closed","ping_status":"closed","template":"","meta":{"footnotes":""},"_links":{"self":[{"href":"https:\/\/ostoja.rowneszanse.lubin.pl\/index.php?rest_route=\/wp\/v2\/pages\/282"}],"collection":[{"href":"https:\/\/ostoja.rowneszanse.lubin.pl\/index.php?rest_route=\/wp\/v2\/pages"}],"about":[{"href":"https:\/\/ostoja.rowneszanse.lubin.pl\/index.php?rest_route=\/wp\/v2\/types\/page"}],"author":[{"embeddable":true,"href":"https:\/\/ostoja.rowneszanse.lubin.pl\/index.php?rest_route=\/wp\/v2\/users\/1"}],"replies":[{"embeddable":true,"href":"https:\/\/ostoja.rowneszanse.lubin.pl\/index.php?rest_route=%2Fwp%2Fv2%2Fcomments&post=282"}],"version-history":[{"count":1,"href":"https:\/\/ostoja.rowneszanse.lubin.pl\/index.php?rest_route=\/wp\/v2\/pages\/282\/revisions"}],"predecessor-version":[{"id":287,"href":"https:\/\/ostoja.rowneszanse.lubin.pl\/index.php?rest_route=\/wp\/v2\/pages\/282\/revisions\/287"}],"wp:attachment":[{"href":"https:\/\/ostoja.rowneszanse.lubin.pl\/index.php?rest_route=%2Fwp%2Fv2%2Fmedia&parent=282"}],"curies":[{"name":"wp","href":"https:\/\/api.w.org\/{rel}","templated":true}]}}