{"id":5,"date":"2021-04-23T09:42:19","date_gmt":"2021-04-23T09:42:19","guid":{"rendered":"http:\/\/ostoja2.data-serwis.com.pl\/?page_id=5"},"modified":"2024-06-10T11:07:50","modified_gmt":"2024-06-10T11:07:50","slug":"mesmerize","status":"publish","type":"page","link":"https:\/\/ostoja.rowneszanse.lubin.pl\/","title":{"rendered":"Front Page"},"content":{"rendered":"<div  data-label=\"Overlappable\" data-id=\"overlappable--1\" data-export-id=\"overlappable-4\" data-category=\"overlappable\" class=\"overlappable-4 content-section content-section-spacing\" data-overlap=\"true\" id=\"overlappable-1\" style=\"background-color: rgb(255, 255, 255);\"><div  class=\"gridContainer\"> <div  data-type=\"row\" class=\"row spaced-cols text-center\">  <div  class=\"col-xs-12 col-sm-4 col-padding col-md-12 \"> <a data-cp-link=\"1\" href=\"http:\/\/rowneszanse.data-serwis.com.pl\/wp-content\/uploads\/2021\/05\/statut.pdf\" target=\"_self\" rel=\"noopener\" class=\"\"><i  class=\"fa icon shadow-large-black aligncenter color1 fa-align-justify reverse round large\"><\/i><\/a> <div  data-type=\"column\" class=\"\"> <h1  class=\"\">STATUT<\/h1><a class=\"button blue\" href=\"http:\/\/ostoja.data-serwis.com.pl\/wp-content\/uploads\/2021\/04\/statut.pdf\" target=\"_self\" data-cp-link=\"1\" rel=\"noopener\">POBIERZ<\/a><\/div> <\/div><\/div> <\/div><\/div><div  data-label=\"O nas\" data-id=\"about--1\" data-export-id=\"about-images-right-section\" data-category=\"about\" class=\"about-images-right-section content-section content-section-spacing\" id=\"o-nas\" style=\"background-color: rgb(245, 250, 253);\"><div  class=\"gridContainer\"> <div  class=\"row middle-sm text-center\"><div  class=\"col-sm-5 content-left-sm\" data-type=\"column\"> <h5  class=\"\">O NAS<\/h5> <h2  class=\"\">DPS \u201eOstoja\u201d<\/h2><h1  class=\"\"><b  style=\"color: rgb(142, 157, 174); font-family: &quot;Open Sans&quot;, sans-serif; font-size: 16px;\"><i ><span  style=\"font-family: &quot;Segoe Print&quot;;\">KOCHAMY LUDZI \u2026<\/span><\/i><\/b><b  style=\"color: rgb(142, 157, 174); font-family: &quot;Open Sans&quot;, sans-serif; font-size: 16px;\"><i ><span  style=\"font-family: &quot;Segoe Print&quot;;\">TO NASZA PASJA<\/span><\/i><\/b><i  style=\"color: rgb(142, 157, 174); font-family: &quot;Open Sans&quot;, sans-serif; font-size: 16px; font-weight: 400;\"><span  style=\"font-family: &quot;Segoe Print&quot;;\">&nbsp;&nbsp;<\/span><\/i><\/h1> <p  class=\"Standard\"><b ><i >WYSOKIE STANDARDY<\/i><\/b><\/p><p  class=\"Standard\"><o  :p=\"\"><\/o><\/p>\n\n<p  class=\"Standard\"><span  style=\"text-indent: 0cm;\">\u2013 NOWY BUDYNEK w pe\u0142ni&nbsp;<\/span><span  style=\"text-indent: 0cm; font-size: 6pt;\">&nbsp;<\/span><span  style=\"text-indent: 0cm;\">przystosowany\ndo&nbsp; &nbsp; &nbsp; &nbsp; os\u00f3b&nbsp;<\/span><span  style=\"text-indent: 0cm; font-size: 6pt;\">&nbsp;<\/span><span  style=\"text-indent: 0cm;\">niepe\u0142nosprawnych<\/span><\/p>\n\n<p  class=\"Standard\" style=\"margin-left: 0cm; text-indent: 0cm; mso-list: l0 level1 lfo1;\">\u2013 CA\u0141ODOBOWA OPIEKA<o  :p=\"\"><\/o><\/p>\n\n<p  class=\"Standard\"><span  style=\"text-indent: 0cm;\">\u2013 OPIEKA PIEL\u0118GNIARSKA, WIZYTY LEKARZA W DPS<\/span><\/p><p  class=\"Standard\" style=\"margin-left: 0cm; text-indent: 0cm; mso-list: l0 level1 lfo1;\"><o  :p=\"\"><\/o><\/p>\n\n<p  class=\"Standard\"><span  style=\"text-indent: 0cm;\">\u2013 TERAPIA ZAJ\u0118CIOWA<\/span><\/p><p  class=\"Standard\" style=\"margin-left: 0cm; text-indent: 0cm; mso-list: l0 level1 lfo1;\"><o  :p=\"\"><\/o><\/p>\n\n<p  class=\"Standard\"><span  style=\"text-indent: 0cm;\">\u2013 REHABILITACJA<\/span><\/p><p  class=\"Standard\" style=\"margin-left: 0cm; text-indent: 0cm; mso-list: l0 level1 lfo1;\"><o  :p=\"\"><\/o><\/p>\n\n<p  class=\"Standard\"><span  style=\"text-indent: 0cm;\">\u2013 DOBRA KUCHNIA<\/span><\/p><p  class=\"Standard\" style=\"margin-left: 0cm; text-indent: 0cm; mso-list: l0 level1 lfo1;\"><o  :p=\"\"><\/o><\/p>\n\n<p  class=\"Standard\"><span  style=\"text-indent: 0cm;\">\u2013 PRZYJAZNY, PROFESJONALNY PERSONEL<\/span><\/p><p  class=\"\">Dom \u201eOSTOJA\u201d w Lubinie jest niepublicznym domem pomocy spo\u0142ecznej prowadzonym przez Stowarzyszenie Przyjaci\u00f3\u0142 i Rodzic\u00f3w Os\u00f3b Niepe\u0142nosprawnych \u201eR\u00d3WNE SZANSE\u201d. Zadaniem plac\u00f3wki  jest zapewnienie ca\u0142odobowej opieki mieszka\u0144com oraz \u015bwiadczenie us\u0142ug opieku\u0144czych, bytowych i wspomagaj\u0105cych zgodnie z ustaw\u0105 z dnia 12 marca 2004 r. o pomocy spo\u0142ecznej dla os\u00f3b przewlekle somatycznie chorych i niepe\u0142nosprawnych fizycznie.<br ><br >Nasz budynek jest w pe\u0142ni przystosowany do potrzeb os\u00f3b niepe\u0142nosprawnych.<br ><br >Posiadamy 47 miejsc w pokojach 2-osobowych. Pokoje wyposa\u017cone s\u0105 w pe\u0142en w\u0119ze\u0142 sanitarny oraz we wszelkie udogodnienia dla mieszka\u0144c\u00f3w mi\u0119dzy innymi w \u0142\u00f3\u017cka rehabilitacyjne, system alarmowo-przywo\u0142awczy, telewizory, radioodbiorniki.<br ><br >Na terenie naszego o\u015brodka znajduje si\u0119 sala rehabilitacyjna, sala terapeutyczna, pok\u00f3j pobytu dziennego, gabinet medycznej pomocy dora\u017anej oraz kuchnia z jadalni\u0105. Budynek jest dwukondygnacyjny wyposa\u017cony w wind\u0119 osobow\u0105.<br ><br >Przy budynku znajduj\u0105 si\u0119 tereny zielone z zaplanowan\u0105 cz\u0119\u015bci\u0105 rekreacyjn\u0105 dla mieszka\u0144c\u00f3w.<\/p> <\/div> <div  class=\"col-sm-7 space-bottom-xs\"><div  class=\"image-group-side-3-img\"> <img  decoding=\"async\" class=\"topimg shadow-large\" src=\"https:\/\/ostoja.rowneszanse.lubin.pl\/wp-content\/uploads\/2024\/05\/cropped-385899746_640223284919276_2130699623312558394_n-1.jpg\" title=\"cropped-385899746_640223284919276_2130699623312558394_n-1.jpg\" alt=\"\"> <img  decoding=\"async\" class=\"rightimg shadow-large\" src=\"https:\/\/ostoja.rowneszanse.lubin.pl\/wp-content\/uploads\/2021\/11\/nr-2.jpg\" title=\"nr 2\" alt=\"\"> <div  class=\"leftimg\"> <img  decoding=\"async\" class=\"shadow-large\" src=\"https:\/\/ostoja.rowneszanse.lubin.pl\/wp-content\/uploads\/2024\/05\/250653721_209603881304513_8800938176402090321_n.jpg\" title=\"250653721_209603881304513_8800938176402090321_n\" alt=\"\"><\/div> <\/div><\/div> <\/div><\/div> <\/div><div  data-label=\"Content\" data-id=\"content--1\" data-export-id=\"content-12\" data-category=\"content\" class=\"content-12 content-section content-section-spacing\" id=\"content-1\" style=\"background-color: rgb(255, 255, 255); background-image: none;\"><div  class=\"gridContainer\"> <div  class=\"row text-center\"><div  class=\"section-title-col\" data-type=\"column\">  <\/div> <\/div> <div  class=\"row center-xs middle-xs\"> <div  class=\"col-sm-9\" data-type=\"column\"> <img  decoding=\"async\" class=\"shadow-large\" src=\"https:\/\/ostoja.rowneszanse.lubin.pl\/wp-content\/uploads\/2021\/11\/Ostoja_OFERTA_ulotka-do-druku-scaled.jpg\" title=\"Ostoja_OFERTA_ulotka do druku\" alt=\"\"><\/div> <\/div><\/div> <\/div><div  id=\"about-1\" style=\"background-color: #f5fafd;\" data-label=\"About\" data-id=\"about-1\" data-export-id=\"about-1\" data-category=\"about\" class=\"about-1 content-section\"><div  class=\"gridContainer\"> <div  class=\"row text-center\"><div  class=\"section-title-col\" data-type=\"column\">  <h2  class=\"\">Budowa trwa\u0142a sze\u015b\u0107 lat i poch\u0142on\u0119\u0142a oko\u0142o 6 mln z\u0142. \u2013 Pierwsza \u0142opata wbita zosta\u0142a 2 wrze\u015bnia 2015 r. Budowa zako\u0144czy\u0142a si\u0119 w grudniu 2020 roku, ale oficjalne otwarcie nast\u0105pi\u0142o 13 kwietnia 2021.<\/h2> <p  class=\"lead\">Dom Pomocy Spo\u0142ecznej \u201eOstoja \u201djest prowadzony przez Stowarzyszenie Przyjaci\u00f3\u0142 i Rodzic\u00f3w Os\u00f3b Niepe\u0142nosprawnych \u201eR\u00d3WNE SZANSE\u201d. Nasz Dom zlokalizowany jest przy ulicy Pawiej 39 w Lubinie tu\u017c przy Warsztatach Terapii Zaj\u0119ciowej \u201ePromyk\u201d i \u201eS\u0142oneczko\u201d.<br ><br >Nasza plac\u00f3wka jest przeznaczona dla os\u00f3b przewlekle somatycznie chorych oraz niepe\u0142nosprawnych fizycznie. Dysponujemy 47 miejscami, budynek i wszystkie pokoje, \u0142azienki oraz inne pomieszczenia s\u0105 w pe\u0142ni przystosowanie dla os\u00f3b niepe\u0142nosprawnych.<br ><br >Ostoja rozpoczyna swoj\u0105 dzia\u0142alno\u015b\u0107 od 1 maja 2021r., ale ju\u017c teraz zapraszamy osoby zainteresowane do kontaktu z nami oraz do skorzystania z mo\u017cliwo\u015bci obejrzenia naszej plac\u00f3wki.<\/p><\/div> <\/div> <div  class=\"row\"> <div  class=\"button-holder space-bottom space-bottom-small\" data-type=\"column\"> <\/div> <div  class=\"col-xs bottom-xs flexbox image-group-bottom-3-img space-bottom-xs center-xs\"> <img  decoding=\"async\" class=\"left-img shadow-large-black\" data-size=\"500x300\" src=\"https:\/\/ostoja.rowneszanse.lubin.pl\/wp-content\/uploads\/2021\/04\/cropped-dom-pomocy-spolecznej-ostoja-Jankowski-otwarcie-2021-10.jpg\" title=\"cropped-dom-pomocy-spolecznej-ostoja-Jankowski-otwarcie-2021-10.jpg\" alt=\"\"> <img  decoding=\"async\" class=\"center-img shadow-large-black\" data-size=\"500x300\" src=\"https:\/\/ostoja.rowneszanse.lubin.pl\/wp-content\/uploads\/2021\/04\/cropped-dom-pomocy-spolecznej-ostoja-Jankowski-otwarcie-2021-8.jpg\" title=\"cropped-dom-pomocy-spolecznej-ostoja-Jankowski-otwarcie-2021-8.jpg\" alt=\"\"> <img  decoding=\"async\" class=\"right-img shadow-large-black\" data-size=\"500x300\" src=\"https:\/\/ostoja.rowneszanse.lubin.pl\/wp-content\/uploads\/2021\/04\/cropped-1-1.jpeg\" title=\"cropped-1-1.jpeg\" alt=\"\"><\/div> <\/div><\/div> <\/div><div  data-label=\"OFERTA\" data-id=\"features--1\" data-export-id=\"features-16\" data-category=\"features\" class=\"features-16 content-section content-section-spacing\" id=\"oferta\" style=\"background-color: rgb(245, 250, 253);\"><div  class=\"gridContainer\"> <div  class=\"row text-center\"><div  class=\"section-title-col\" data-type=\"column\"> <h2  class=\"\">OFERTA<\/h2> <p  class=\"lead\">Dom Pomocy Spo\u0142ecznej \u201eOSTOJA\u201d przeznaczony jest dla os\u00f3b przewlekle somatycznie chorych i niepe\u0142nosprawnych fizycznie.<br ><br >Dysponujemy pokojami 2-osobowymi wyposa\u017conymi w \u0142azienki przystosowane dla os\u00f3b niepe\u0142nosprawnych (szczeg\u00f3\u0142y w zak\u0142adce \u201eO nas\u201d).<br ><br >Posiadamy:\n<br ><br >40 miejsc w ramach realizacji umowy z Gmin\u0105 Miejsk\u0105 Lubin na prowadzenie gminnego Domu Pomocy Spo\u0142ecznej;<br >7 miejsc komercyjnych.<br >Procedura przyj\u0119cia do naszego Domu:<br >Skorzystanie z oferty publicznej.<br >Nale\u017cy z\u0142o\u017cy\u0107 wniosek o przyj\u0119cie do DPS w Miejskim O\u015brodku Pomocy Spo\u0142ecznej w Lubinie. Szczeg\u00f3\u0142owe informacje dotycz\u0105ce procedury przyj\u0119cia oraz zasad finansowania dost\u0119pne s\u0105 na stronie:<br ><br >http:\/\/bip.mops.lubin.pl\/cms\/6160\/domy_pomocy_spolecznej<br ><br >Szczeg\u00f3\u0142owych informacji udzielaj\u0105 pracownicy Dzia\u0142u Us\u0142ug Spo\u0142ecznych (pok\u00f3j 106 i 107) tel.  lub 409.<br ><br >Skorzystanie z oferty komercyjnej.<br >Nale\u017cy z\u0142o\u017cy\u0107 podanie do Domu Pomocy Spo\u0142ecznej \u201eOSTOJA\u201d. Podania mo\u017cna sk\u0142ada\u0107 osobi\u015bcie lub drog\u0105 mailow\u0105 na adres:<br ><br >ostoja@rowneszanse.lubin.pl<br ><br >W celu uzyskania szczeg\u00f3\u0142owych informacji mo\u017cna kontaktowa\u0107 si\u0119 z:<br ><br ><b >Dyrektor<\/b><br >Aneta Zbylska\n<br ><br ><b >Pracownik Socjalny<\/b><br >Dorota Tylczy\u0144ska<br >\n<br ><b >Kierownik Zespo\u0142u Opieku\u0144czo \u2013 Terapeutycznego<\/b><br >Barbara Kazubska<\/p><\/div> <\/div> <div  class=\"row spaced-cols\" data-type=\"row\"> <div  class=\"col-xs-12 col-sm-6 col-md-4 space-bottom\"> <a  data-cp-link=\"1\" href=\"#\"><img  decoding=\"async\" class=\"face\" src=\"https:\/\/ostoja.rowneszanse.lubin.pl\/wp-content\/uploads\/2021\/04\/cropped-1-1-1.jpeg\" title=\"cropped-1-1-1.jpeg\" alt=\"\"><\/a> <div  data-type=\"column\" class=\"col-padding-small col-padding-small-xs description-container\">   <\/div> <\/div> <div  class=\"col-xs-12 col-sm-6 col-md-4 space-bottom\"> <img  decoding=\"async\" class=\"face\" src=\"https:\/\/ostoja.rowneszanse.lubin.pl\/wp-content\/uploads\/2021\/04\/cropped-1-2.jpeg\" title=\"cropped-1-2.jpeg\" alt=\"\"> <div  data-type=\"column\" class=\"col-padding-small col-padding-small-xs description-container\">   <\/div> <\/div> <div  class=\"col-xs-12 col-sm-6 col-md-4 space-bottom\"> <img  decoding=\"async\" class=\"face\" src=\"https:\/\/ostoja.rowneszanse.lubin.pl\/wp-content\/uploads\/2021\/04\/cropped-1-4.jpeg\" title=\"cropped-1-4.jpeg\" alt=\"\"> <div  data-type=\"column\" class=\"col-padding-small col-padding-small-xs description-container\">   <\/div> <\/div><\/div> <\/div><\/div><div  data-label=\"Kontakt\" data-id=\"features--2\" data-export-id=\"features-13-card-bordered\" data-category=\"features\" class=\"features-13 content-section content-section-spacing\" id=\"kontakt\" style=\"background-color: rgb(255, 255, 255);\"><div  class=\"gridContainer\"> <div  class=\"row text-center\"><div  class=\"section-title-col\" data-type=\"column\"> <h2  class=\"\">KONTAKT<\/h2> <\/div> <\/div> <div  class=\"row spaced-cols content-center-sm\" data-type=\"row\"> <div  class=\"col-sm-4\"> <div  class=\"card bordered y-move\" data-type=\"column\"> <i  class=\"fa icon color1 fa-home reverse round large\"><\/i> <h4  class=\"\">ADRES:<\/h4> <p  class=\"\">Dom Pomocy Spo\u0142ecznej \u201eOstoja\u201d\n<br ><br >ul. Pawia 39, \n<br ><br > 59-300 Lubin<\/p> <\/div> <\/div> <div  class=\"col-sm-4\"> <div  class=\"card bordered y-move\" data-type=\"column\"> <i  class=\"fa icon color1 fa-phone reverse round large\"><\/i>  <h4  class=\"\">TELEFON<\/h4><p  class=\"\"><span ><b ><a  href=\"tel:76 756 06 60\">76 756 06 60<\/a>\n<\/b><br ><b >Dy\u017curka Piel\u0119gniarska <\/b><\/span>\n<br ><span >nr wewn\u0119trzny: 1 (ca\u0142odobowo)<br ><br >\n\n<\/span><b >Pracownik Socjalny<\/b><br >godz. 7.00-15.00<br >nr wewn\u0119trzny: 2\n<br ><br ><b >Sekretariat<\/b><br >godz. 7.00-15.00<br >nr wewn\u0119trzny: 5<br ><br ><br >\n<\/p> <\/div> <\/div> <div  class=\"col-sm-4\"> <div  class=\"card bordered y-move\" data-type=\"column\"> <i  class=\"fa icon color1 fa-envelope reverse round large\"><\/i>  <h4  class=\"\">E-MAIL<\/h4><p  class=\"\">ostoja@rowneszanse.lubin.pl\n<\/p> <\/div> <\/div><\/div> <\/div><\/div>","protected":false},"excerpt":{"rendered":"<p>STATUTPOBIERZ O NAS DPS \u201eOstoja\u201dKOCHAMY LUDZI \u2026TO NASZA PASJA&nbsp;&nbsp; WYSOKIE STANDARDY \u2013 NOWY BUDYNEK w pe\u0142ni&nbsp;&nbsp;przystosowany do&nbsp; &nbsp; &nbsp; &nbsp; os\u00f3b&nbsp;&nbsp;niepe\u0142nosprawnych \u2013 CA\u0141ODOBOWA OPIEKA \u2013 OPIEKA PIEL\u0118GNIARSKA, WIZYTY LEKARZA W DPS \u2013 TERAPIA ZAJ\u0118CIOWA \u2013 REHABILITACJA \u2013 DOBRA KUCHNIA \u2013 PRZYJAZNY, PROFESJONALNY PERSONELDom \u201eOSTOJA\u201d w Lubinie jest niepublicznym domem pomocy spo\u0142ecznej prowadzonym przez Stowarzyszenie Przyjaci\u00f3\u0142&hellip; <br \/> <a class=\"read-more\" href=\"https:\/\/ostoja.rowneszanse.lubin.pl\/\">Dowiedz si\u0119 wi\u0119cej<\/a><\/p>\n","protected":false},"author":1,"featured_media":0,"parent":0,"menu_order":0,"comment_status":"closed","ping_status":"closed","template":"page-templates\/homepage.php","meta":{"footnotes":""},"_links":{"self":[{"href":"https:\/\/ostoja.rowneszanse.lubin.pl\/index.php?rest_route=\/wp\/v2\/pages\/5"}],"collection":[{"href":"https:\/\/ostoja.rowneszanse.lubin.pl\/index.php?rest_route=\/wp\/v2\/pages"}],"about":[{"href":"https:\/\/ostoja.rowneszanse.lubin.pl\/index.php?rest_route=\/wp\/v2\/types\/page"}],"author":[{"embeddable":true,"href":"https:\/\/ostoja.rowneszanse.lubin.pl\/index.php?rest_route=\/wp\/v2\/users\/1"}],"replies":[{"embeddable":true,"href":"https:\/\/ostoja.rowneszanse.lubin.pl\/index.php?rest_route=%2Fwp%2Fv2%2Fcomments&post=5"}],"version-history":[{"count":51,"href":"https:\/\/ostoja.rowneszanse.lubin.pl\/index.php?rest_route=\/wp\/v2\/pages\/5\/revisions"}],"predecessor-version":[{"id":330,"href":"https:\/\/ostoja.rowneszanse.lubin.pl\/index.php?rest_route=\/wp\/v2\/pages\/5\/revisions\/330"}],"wp:attachment":[{"href":"https:\/\/ostoja.rowneszanse.lubin.pl\/index.php?rest_route=%2Fwp%2Fv2%2Fmedia&parent=5"}],"curies":[{"name":"wp","href":"https:\/\/api.w.org\/{rel}","templated":true}]}}